{"id":1250,"date":"2023-04-03T09:51:42","date_gmt":"2023-04-03T09:51:42","guid":{"rendered":"https:\/\/anaisderboismolin.com\/?post_type=product&#038;p=1250"},"modified":"2025-07-29T00:48:23","modified_gmt":"2025-07-29T00:48:23","slug":"depliant-cree-ton-patrimoine-sante","status":"publish","type":"product","link":"https:\/\/anaisderboismolin.com\/en\/product\/depliant-cree-ton-patrimoine-sante\/","title":{"rendered":"D\u00e9pliant &#8211; Cr\u00e9e ton patrimoine sant\u00e9"},"content":{"rendered":"<p>Tu veux commencer \u00e0 prendre soin de ton patrimoine sant\u00e9, mais tu ne sais pas par o\u00f9 commencer ?<\/p>\n<p>T\u00e9l\u00e9charge ce d\u00e9pliant <strong>gratuit,<\/strong> imprime-le, met le dans ton sac et commence tes petits gestes du quotidien qui sont b\u00e9n\u00e9fiques pour ton corps et ton esprit.<\/p>\n<p>Les sujets abord\u00e9s dans ce d\u00e9pliant sont :<\/p>\n<ul>\n<li>La Respiration pour ralentir<\/li>\n<li>Le mouvement pour rester en forme<\/li>\n<li>Le Yoga pour soigner nos maux<\/li>\n<li>Se conna\u00eetre pour mieux se prot\u00e9ger<\/li>\n<\/ul>\n<p>Pour avoir plus de TIPS et des trackers d&rsquo;exercices bien \u00eatre; t\u00e9l\u00e9charge mon <a href=\"https:\/\/anaisderboismolin.com\/en\/product\/ebook-wellness-tips-au-quotidien\/\">EBOOK\u00a0<\/a>: <a href=\"http:\/\/wellness\">Wellness Tips au Quotidien.<\/a><\/p>\n<p>&nbsp;<\/p>\n<p>&nbsp;<\/p>","protected":false},"excerpt":{"rendered":"<p>Les sujets abord\u00e9s dans ce d\u00e9pliant sont :<\/p>\n<ul>\n<li>La Respiration pour ralentir<\/li>\n<li>Le mouvement pour rester en forme<\/li>\n<li>Le Yoga pour soigner nos maux<\/li>\n<li>Se conna\u00eetre pour mieux se prot\u00e9ger<\/li>\n<\/ul>","protected":false},"featured_media":1314,"comment_status":"open","ping_status":"closed","template":"","meta":{"_seopress_robots_primary_cat":"none","_seopress_titles_title":"","_seopress_titles_desc":"","_seopress_robots_index":"","_uag_custom_page_level_css":"","_exactmetrics_skip_tracking":false,"_exactmetrics_sitenote_active":false,"_exactmetrics_sitenote_note":"","_exactmetrics_sitenote_category":0,"_uf_show_specific_survey":0,"_uf_disable_surveys":false,"site-sidebar-layout":"default","site-content-layout":"default","ast-site-content-layout":"default","site-content-style":"default","site-sidebar-style":"default","ast-global-header-display":"","ast-banner-title-visibility":"","ast-main-header-display":"","ast-hfb-above-header-display":"","ast-hfb-below-header-display":"","ast-hfb-mobile-header-display":"","site-post-title":"","ast-breadcrumbs-content":"","ast-featured-img":"","footer-sml-layout":"","ast-disable-related-posts":"","theme-transparent-header-meta":"default","adv-header-id-meta":"","stick-header-meta":"","header-above-stick-meta":"","header-main-stick-meta":"","header-below-stick-meta":"","astra-migrate-meta-layouts":"default","ast-page-background-enabled":"default","ast-page-background-meta":{"desktop":{"background-color":"var(--ast-global-color-4)","background-image":"","background-repeat":"repeat","background-position":"center center","background-size":"auto","background-attachment":"scroll","background-type":"","background-media":"","overlay-type":"","overlay-color":"","overlay-opacity":"","overlay-gradient":""},"tablet":{"background-color":"","background-image":"","background-repeat":"repeat","background-position":"center center","background-size":"auto","background-attachment":"scroll","background-type":"","background-media":"","overlay-type":"","overlay-color":"","overlay-opacity":"","overlay-gradient":""},"mobile":{"background-color":"","background-image":"","background-repeat":"repeat","background-position":"center center","background-size":"auto","background-attachment":"scroll","background-type":"","background-media":"","overlay-type":"","overlay-color":"","overlay-opacity":"","overlay-gradient":""}},"ast-content-background-meta":{"desktop":{"background-color":"var(--ast-global-color-5)","background-image":"","background-repeat":"repeat","background-position":"center center","background-size":"auto","background-attachment":"scroll","background-type":"","background-media":"","overlay-type":"","overlay-color":"","overlay-opacity":"","overlay-gradient":""},"tablet":{"background-color":"var(--ast-global-color-5)","background-image":"","background-repeat":"repeat","background-position":"center center","background-size":"auto","background-attachment":"scroll","background-type":"","background-media":"","overlay-type":"","overlay-color":"","overlay-opacity":"","overlay-gradient":""},"mobile":{"background-color":"var(--ast-global-color-5)","background-image":"","background-repeat":"repeat","background-position":"center center","background-size":"auto","background-attachment":"scroll","background-type":"","background-media":"","overlay-type":"","overlay-color":"","overlay-opacity":"","overlay-gradient":""}},"episode_type":"","audio_file":"","podmotor_file_id":"","podmotor_episode_id":"","cover_image":"","cover_image_id":"","duration":"","filesize":"","filesize_raw":"","date_recorded":"","explicit":"","block":"","itunes_episode_number":"","itunes_title":"","itunes_season_number":"","itunes_episode_type":""},"product_brand":[],"product_cat":[20],"product_tag":[],"class_list":{"0":"post-1250","1":"product","2":"type-product","3":"status-publish","4":"has-post-thumbnail","6":"product_cat-ebook","7":"post","8":"desktop-align-left","9":"tablet-align-left","10":"mobile-align-left","12":"first","13":"instock","14":"downloadable","15":"virtual","16":"purchasable","17":"product-type-simple"},"uagb_featured_image_src":{"full":["https:\/\/anaisderboismolin.com\/wp-content\/uploads\/2023\/04\/PATRIMOINE-SANTE-DEPLIANT.jpg",1280,768,false],"thumbnail":["https:\/\/anaisderboismolin.com\/wp-content\/uploads\/2023\/04\/PATRIMOINE-SANTE-DEPLIANT-150x150.jpg",150,150,true],"medium":["https:\/\/anaisderboismolin.com\/wp-content\/uploads\/2023\/04\/PATRIMOINE-SANTE-DEPLIANT-300x180.jpg",300,180,true],"medium_large":["https:\/\/anaisderboismolin.com\/wp-content\/uploads\/2023\/04\/PATRIMOINE-SANTE-DEPLIANT-768x461.jpg",768,461,true],"large":["https:\/\/anaisderboismolin.com\/wp-content\/uploads\/2023\/04\/PATRIMOINE-SANTE-DEPLIANT-1024x614.jpg",1024,614,true],"1536x1536":["https:\/\/anaisderboismolin.com\/wp-content\/uploads\/2023\/04\/PATRIMOINE-SANTE-DEPLIANT.jpg",1280,768,false],"2048x2048":["https:\/\/anaisderboismolin.com\/wp-content\/uploads\/2023\/04\/PATRIMOINE-SANTE-DEPLIANT.jpg",1280,768,false],"trp-custom-language-flag":["https:\/\/anaisderboismolin.com\/wp-content\/uploads\/2023\/04\/PATRIMOINE-SANTE-DEPLIANT.jpg",18,12,false],"course_archive_thumbnail":["https:\/\/anaisderboismolin.com\/wp-content\/uploads\/2023\/04\/PATRIMOINE-SANTE-DEPLIANT.jpg",100,60,false],"course_single_thumbnail":["https:\/\/anaisderboismolin.com\/wp-content\/uploads\/2023\/04\/PATRIMOINE-SANTE-DEPLIANT.jpg",100,60,false],"lesson_archive_thumbnail":["https:\/\/anaisderboismolin.com\/wp-content\/uploads\/2023\/04\/PATRIMOINE-SANTE-DEPLIANT.jpg",100,60,false],"lesson_single_thumbnail":["https:\/\/anaisderboismolin.com\/wp-content\/uploads\/2023\/04\/PATRIMOINE-SANTE-DEPLIANT.jpg",100,60,false],"woocommerce_thumbnail":["https:\/\/anaisderboismolin.com\/wp-content\/uploads\/2023\/04\/PATRIMOINE-SANTE-DEPLIANT-300x300.jpg",300,300,true],"woocommerce_single":["https:\/\/anaisderboismolin.com\/wp-content\/uploads\/2023\/04\/PATRIMOINE-SANTE-DEPLIANT-600x360.jpg",600,360,true],"woocommerce_gallery_thumbnail":["https:\/\/anaisderboismolin.com\/wp-content\/uploads\/2023\/04\/PATRIMOINE-SANTE-DEPLIANT-100x100.jpg",100,100,true]},"uagb_author_info":{"display_name":"Licorne","author_link":"https:\/\/anaisderboismolin.com\/en\/author\/"},"uagb_comment_info":2,"uagb_excerpt":"Les sujets abord\u00e9s dans ce d\u00e9pliant sont : La Respiration pour ralentir Le mouvement pour rester en forme Le Yoga pour soigner nos maux Se conna\u00eetre pour mieux se prot\u00e9ger","_links":{"self":[{"href":"https:\/\/anaisderboismolin.com\/en\/wp-json\/wp\/v2\/product\/1250","targetHints":{"allow":["GET"]}}],"collection":[{"href":"https:\/\/anaisderboismolin.com\/en\/wp-json\/wp\/v2\/product"}],"about":[{"href":"https:\/\/anaisderboismolin.com\/en\/wp-json\/wp\/v2\/types\/product"}],"replies":[{"embeddable":true,"href":"https:\/\/anaisderboismolin.com\/en\/wp-json\/wp\/v2\/comments?post=1250"}],"wp:featuredmedia":[{"embeddable":true,"href":"https:\/\/anaisderboismolin.com\/en\/wp-json\/wp\/v2\/media\/1314"}],"wp:attachment":[{"href":"https:\/\/anaisderboismolin.com\/en\/wp-json\/wp\/v2\/media?parent=1250"}],"wp:term":[{"taxonomy":"product_brand","embeddable":true,"href":"https:\/\/anaisderboismolin.com\/en\/wp-json\/wp\/v2\/product_brand?post=1250"},{"taxonomy":"product_cat","embeddable":true,"href":"https:\/\/anaisderboismolin.com\/en\/wp-json\/wp\/v2\/product_cat?post=1250"},{"taxonomy":"product_tag","embeddable":true,"href":"https:\/\/anaisderboismolin.com\/en\/wp-json\/wp\/v2\/product_tag?post=1250"}],"curies":[{"name":"wp","href":"https:\/\/api.w.org\/{rel}","templated":true}]}}