{"id":2829,"date":"2023-12-27T19:21:05","date_gmt":"2023-12-27T19:21:05","guid":{"rendered":"https:\/\/anaisderboismolin.com\/?post_type=product&#038;p=2829"},"modified":"2025-09-21T10:23:03","modified_gmt":"2025-09-21T10:23:03","slug":"langlais-du-vin-lexique-francais-anglais-du-secteur-viticole","status":"publish","type":"product","link":"https:\/\/anaisderboismolin.com\/en\/product\/langlais-du-vin-lexique-francais-anglais-du-secteur-viticole\/","title":{"rendered":"L&rsquo;anglais du vin: Lexique Francais\/Anglais du secteur viticole"},"content":{"rendered":"<h2 class=\"wp-block-heading has-large-font-size\">Tu as besoin de plus de vocabulaire pour commencer ton voyage et faire les vendanges en Nouvelle-Z\u00e9lande ou dans un pays anglophone?<\/h2>\r\n<p class=\"has-text-align-center\">\r\n\r\n<\/p>\r\n<div class=\"wp-block-spacer\" aria-hidden=\"true\">\u00a0<\/div>\r\n<p class=\"has-text-align-center\">\r\n\r\n<\/p>\r\n<p>Si ton niveau d&rsquo;anglais et bancale et que tu doutes pouvoir comprendre les indications et trouver un job dans le secteur viticole parce-que tu n&rsquo;es pas \u00e0 l&rsquo;aise: <strong>ce Lexique est fait pour toi ! <\/strong><\/p>\r\n<p class=\"has-text-align-center\">\r\n\r\n<\/p>\r\n<p>Tu trouveras dans ce lexique le vocabulaire n\u00e9cessaire pour travailler dans le secteur vicitole en Anglais.<\/p>\r\n<p class=\"has-text-align-center\">\r\n\r\n<\/p>\r\n<p>En entrant par la porte du monde viticole n\u00e9o-z\u00e9landais tu d\u00e9couvriras les secrets des vins blancs N\u00e9o-Z\u00e9landais et du Sauvignon blanc de Marlborough.<\/p>\r\n<p class=\"has-text-align-center\">\r\n\r\n<\/p>\r\n<p>Tu trouveras d\u00e8s les premi\u00e8res pages la classification des mots en 4 cat\u00e9gories :<\/p>\r\n<p class=\"has-text-align-center\">\r\n\r\n<\/p>\r\n<ul class=\"wp-block-list\">\r\n<li>Vocabulaire lier \u00e0 la vigne<\/li>\r\n\r\n\r\n\r\n<li>Vocabulaire lier au chai et \u00e0 la vinification<\/li>\r\n\r\n\r\n\r\n<li>Vocabulaire lier \u00e0 l&rsquo;import Export<\/li>\r\n\r\n\r\n\r\n<li>Vocabulaire lier \u00e0 la d\u00e9gustation de vin<\/li>\r\n<\/ul>\r\n<p class=\"has-text-align-center\">\r\n\r\n<\/p>\r\n<p>&nbsp;<\/p>\r\n<p class=\"has-text-align-center\">\r\n\r\n<\/p>\r\n<p>Cet ebook est une petite p\u00e9pite pour te permettre de garder le vocabulaire essentiel \u00e0 ton developpement professionel toujours avec toi.<\/p>\r\n<p>&nbsp;<\/p>\r\n<p>&nbsp;<\/p>\r\n<p class=\"has-text-align-center\">\r\n\r\n<\/p>\r\n<h2 class=\"wp-block-heading\"><strong>L&rsquo;anglais du vin: Ton Passeport pour l&rsquo;Industrie Vinicole<\/strong><\/h2>\r\n<p class=\"has-text-align-center\">\r\n\r\n<\/p>\r\n<p>As-tu d\u00e9j\u00e0 r\u00eav\u00e9 de travailler dans un vignoble en Nouvelle-Z\u00e9lande, de discuter avec des vignerons californiens, ou de d\u00e9guster les meilleurs crus lors d&rsquo;une vente aux ench\u00e8res \u00e0 Londres ? Si oui, cet eBook est ton billet d&rsquo;or pour r\u00e9aliser ces r\u00eaves.<\/p>\r\n<p>&nbsp;<\/p>\r\n<p class=\"has-text-align-center\">\r\n\r\n<\/p>\r\n<p><strong>Pourquoi cet eBook est un incontournable :<\/strong><\/p>\r\n<p>&nbsp;<\/p>\r\n<ul>\r\n<li>\u2705 <strong style=\"font-size: 16px;\">La Puissance du Vocabulaire :<\/strong><span style=\"font-size: 16px;\"> Imagine pouvoir discuter du terroir, de la vinification, ou m\u00eame de la d\u00e9gustation avec confiance, peu importe o\u00f9 tu te trouves. Cet eBook te donne le vocabulaire n\u00e9cessaire pour briller dans le monde du vin.<\/span><\/li>\r\n<\/ul>\r\n<p>&nbsp;<\/p>\r\n<ul>\r\n\r\n\r\n<li>\u2705 <strong>Des Traductions Justes :<\/strong> Fini les malentendus ! Gr\u00e2ce aux traductions pr\u00e9cises, tu seras pr\u00eat \u00e0 t&rsquo;immerger dans n&rsquo;importe quel environnement viticole anglophone.<\/li>\r\n<\/ul>\r\n<p>&nbsp;<\/p>\r\n<ul>\r\n\r\n\r\n<li style=\"text-align: left;\">\u2705 <strong>Un Atout pour ta Carri\u00e8re :<\/strong> Que tu sois un amateur passionn\u00e9 ou que tu envisages une carri\u00e8re dans l&rsquo;industrie, cet eBook te donne une longueur d&rsquo;avance.<\/li>\r\n<\/ul>\r\n<p>&nbsp;<\/p>\r\n<ul>\r\n\r\n\r\n<li style=\"text-align: left;\">\u2705 <strong>Accessible \u00e0 Tout Moment :<\/strong> T\u00e9l\u00e9charge l&rsquo;eBook maintenant et aie toujours \u00e0 port\u00e9e de main ton guide pour explorer le monde du vin.<\/li>\r\n<\/ul>\r\n<p class=\"has-text-align-center\"><!-- \/wp:post-content -->\r\n\r\n<!-- wp:paragraph --><\/p>\r\n<p>Investis dans ta passion, investis dans toi-m\u00eame. Pr\u00e9pare-toi \u00e0 faire partie int\u00e9grante de la sc\u00e8ne viticole mondiale<\/p>\r\n<h3 class=\"wp-block-heading has-medium-font-size\">\u00a0<\/h3>\r\n<!-- \/wp:paragraph -->\r\n\r\n<!-- wp:spacer {\"height\":\"50px\"} \/-->\r\n\r\n<!-- wp:paragraph {\"align\":\"center\",\"textColor\":\"ast-global-color-1\"} \/-->\r\n\r\n<!-- wp:heading {\"textAlign\":\"center\"} \/-->\r\n\r\n<!-- wp:paragraph {\"align\":\"center\"} \/-->\r\n\r\n<!-- wp:paragraph {\"align\":\"center\"} -->\r\n<p class=\"has-text-align-center\">\u00a0<\/p>\r\n<!-- \/wp:paragraph -->\r\n\r\n<!-- wp:paragraph {\"align\":\"center\"} -->\r\n<p class=\"has-text-align-center\">\u00a0<\/p>\r\n<!-- \/wp:paragraph -->","protected":false},"excerpt":{"rendered":"<h3 class=\"wp-block-heading has-medium-font-size\">Ce que contient l&rsquo; Ebook :<\/h3>\n<p><!-- \/wp:heading --><\/p>\n<p><!-- wp:spacer {\"height\":\"20px\"} --><\/p>\n<div class=\"wp-block-spacer\" aria-hidden=\"true\">\u00a0<\/div>\n<p><!-- \/wp:spacer --><\/p>\n<p><!-- wp:paragraph --><\/p>\n<p>\u2705Vocabulaire essentiel du secteur viticole<\/p>\n<p><!-- \/wp:paragraph --><\/p>\n<p><!-- wp:paragraph --><\/p>\n<p>\u2705 Vocabulaire class\u00e9 par ordre alphab\u00e9tique<\/p>\n<p><!-- \/wp:paragraph --><\/p>\n<p><!-- wp:paragraph --><\/p>\n<p>\u2705 Definition en anglais des termes sp\u00e9cifique<\/p>\n<p><!-- \/wp:paragraph --><\/p>\n<p><!-- wp:paragraph --><\/p>\n<p>\u2705 D\u00e9finition en Fran\u00e7ais des termes sp\u00e9cifiques<\/p>\n<p><!-- \/wp:paragraph --><\/p>\n<p><!-- wp:paragraph --><\/p>\n<p>\u2705 Recherche avec le mot en Francais pour avoir le terme en anglais<\/p>\n<p><!-- \/wp:paragraph --><\/p>\n<p><!-- wp:paragraph --><\/p>\n<p>\u2705 Le vocabulaire des vignes<\/p>\n<p><!-- \/wp:paragraph --><\/p>\n<p><!-- wp:paragraph --><\/p>\n<p>\u2705Le vocabulaire du Chai<\/p>\n<p><!-- \/wp:paragraph --><\/p>\n<p><!-- wp:paragraph --><\/p>\n<p>\u2705 Le vocabulaire import\/export<\/p>\n<p><!-- \/wp:paragraph --><\/p>\n<p><!-- wp:paragraph --><\/p>\n<p>\u2705 Le vocabulaire de la d\u00e9gustation<\/p>","protected":false},"featured_media":2832,"comment_status":"open","ping_status":"closed","template":"","meta":{"_seopress_robots_primary_cat":"none","_seopress_titles_title":"Lexique: L'anglais du Vin","_seopress_titles_desc":"Retrouves le vocabulairie essentiel si tu souhaites te faire comprendre ou communiquer en anglais sur les th\u00e8me du travail des vignes, de la vinification, de l import export et de la D\u00e9gustation. Ce Lexique L'anglais L'anglais du vin contient Plus de 70 pages de vocabulaire.  Un essentiel pour commencer ton aventure dan un pays anglophone.","_seopress_robots_index":"yes","_uag_custom_page_level_css":"","_exactmetrics_skip_tracking":false,"_exactmetrics_sitenote_active":false,"_exactmetrics_sitenote_note":"","_exactmetrics_sitenote_category":0,"_uf_show_specific_survey":0,"_uf_disable_surveys":false,"site-sidebar-layout":"default","site-content-layout":"default","ast-site-content-layout":"default","site-content-style":"default","site-sidebar-style":"default","ast-global-header-display":"","ast-banner-title-visibility":"","ast-main-header-display":"","ast-hfb-above-header-display":"","ast-hfb-below-header-display":"","ast-hfb-mobile-header-display":"","site-post-title":"","ast-breadcrumbs-content":"","ast-featured-img":"","footer-sml-layout":"","ast-disable-related-posts":"","theme-transparent-header-meta":"default","adv-header-id-meta":"","stick-header-meta":"","header-above-stick-meta":"","header-main-stick-meta":"","header-below-stick-meta":"","astra-migrate-meta-layouts":"set","ast-page-background-enabled":"default","ast-page-background-meta":{"desktop":{"background-color":"var(--ast-global-color-4)","background-image":"","background-repeat":"repeat","background-position":"center center","background-size":"auto","background-attachment":"scroll","background-type":"","background-media":"","overlay-type":"","overlay-color":"","overlay-opacity":"","overlay-gradient":""},"tablet":{"background-color":"","background-image":"","background-repeat":"repeat","background-position":"center center","background-size":"auto","background-attachment":"scroll","background-type":"","background-media":"","overlay-type":"","overlay-color":"","overlay-opacity":"","overlay-gradient":""},"mobile":{"background-color":"","background-image":"","background-repeat":"repeat","background-position":"center center","background-size":"auto","background-attachment":"scroll","background-type":"","background-media":"","overlay-type":"","overlay-color":"","overlay-opacity":"","overlay-gradient":""}},"ast-content-background-meta":{"desktop":{"background-color":"var(--ast-global-color-5)","background-image":"","background-repeat":"repeat","background-position":"center center","background-size":"auto","background-attachment":"scroll","background-type":"","background-media":"","overlay-type":"","overlay-color":"","overlay-opacity":"","overlay-gradient":""},"tablet":{"background-color":"var(--ast-global-color-5)","background-image":"","background-repeat":"repeat","background-position":"center center","background-size":"auto","background-attachment":"scroll","background-type":"","background-media":"","overlay-type":"","overlay-color":"","overlay-opacity":"","overlay-gradient":""},"mobile":{"background-color":"var(--ast-global-color-5)","background-image":"","background-repeat":"repeat","background-position":"center center","background-size":"auto","background-attachment":"scroll","background-type":"","background-media":"","overlay-type":"","overlay-color":"","overlay-opacity":"","overlay-gradient":""}},"episode_type":"","audio_file":"","podmotor_file_id":"","podmotor_episode_id":"","cover_image":"","cover_image_id":"","duration":"","filesize":"","filesize_raw":"","date_recorded":"","explicit":"","block":"","itunes_episode_number":"","itunes_title":"","itunes_season_number":"","itunes_episode_type":""},"product_brand":[],"product_cat":[94],"product_tag":[],"class_list":{"0":"post-2829","1":"product","2":"type-product","3":"status-publish","4":"has-post-thumbnail","6":"product_cat-improve-with-wine","7":"post","8":"desktop-align-left","9":"tablet-align-left","10":"mobile-align-left","12":"first","13":"instock","14":"sale","15":"downloadable","16":"sold-individually","17":"shipping-taxable","18":"purchasable","19":"product-type-simple"},"uagb_featured_image_src":{"full":["https:\/\/anaisderboismolin.com\/wp-content\/uploads\/2023\/12\/langlaisduvinebookcover.png",1080,1080,false],"thumbnail":["https:\/\/anaisderboismolin.com\/wp-content\/uploads\/2023\/12\/langlaisduvinebookcover-150x150.png",150,150,true],"medium":["https:\/\/anaisderboismolin.com\/wp-content\/uploads\/2023\/12\/langlaisduvinebookcover-300x300.png",300,300,true],"medium_large":["https:\/\/anaisderboismolin.com\/wp-content\/uploads\/2023\/12\/langlaisduvinebookcover-768x768.png",768,768,true],"large":["https:\/\/anaisderboismolin.com\/wp-content\/uploads\/2023\/12\/langlaisduvinebookcover-1024x1024.png",1024,1024,true],"1536x1536":["https:\/\/anaisderboismolin.com\/wp-content\/uploads\/2023\/12\/langlaisduvinebookcover.png",1080,1080,false],"2048x2048":["https:\/\/anaisderboismolin.com\/wp-content\/uploads\/2023\/12\/langlaisduvinebookcover.png",1080,1080,false],"trp-custom-language-flag":["https:\/\/anaisderboismolin.com\/wp-content\/uploads\/2023\/12\/langlaisduvinebookcover.png",12,12,false],"course_archive_thumbnail":["https:\/\/anaisderboismolin.com\/wp-content\/uploads\/2023\/12\/langlaisduvinebookcover-100x100.png",100,100,true],"course_single_thumbnail":["https:\/\/anaisderboismolin.com\/wp-content\/uploads\/2023\/12\/langlaisduvinebookcover-100x100.png",100,100,true],"lesson_archive_thumbnail":["https:\/\/anaisderboismolin.com\/wp-content\/uploads\/2023\/12\/langlaisduvinebookcover-100x100.png",100,100,true],"lesson_single_thumbnail":["https:\/\/anaisderboismolin.com\/wp-content\/uploads\/2023\/12\/langlaisduvinebookcover-100x100.png",100,100,true],"woocommerce_thumbnail":["https:\/\/anaisderboismolin.com\/wp-content\/uploads\/2023\/12\/langlaisduvinebookcover-300x300.png",300,300,true],"woocommerce_single":["https:\/\/anaisderboismolin.com\/wp-content\/uploads\/2023\/12\/langlaisduvinebookcover-600x600.png",600,600,true],"woocommerce_gallery_thumbnail":["https:\/\/anaisderboismolin.com\/wp-content\/uploads\/2023\/12\/langlaisduvinebookcover-100x100.png",100,100,true]},"uagb_author_info":{"display_name":"Licorne","author_link":"https:\/\/anaisderboismolin.com\/en\/author\/"},"uagb_comment_info":0,"uagb_excerpt":"Ce que contient l' Ebook : \u00a0 \u2705Vocabulaire essentiel du secteur viticole \u2705 Vocabulaire class\u00e9 par ordre alphab\u00e9tique \u2705 Definition en anglais des termes sp\u00e9cifique \u2705 D\u00e9finition en Fran\u00e7ais des termes sp\u00e9cifiques \u2705 Recherche avec le mot en Francais pour avoir le terme en anglais \u2705 Le vocabulaire des vignes \u2705Le vocabulaire du Chai \u2705&hellip;","_links":{"self":[{"href":"https:\/\/anaisderboismolin.com\/en\/wp-json\/wp\/v2\/product\/2829","targetHints":{"allow":["GET"]}}],"collection":[{"href":"https:\/\/anaisderboismolin.com\/en\/wp-json\/wp\/v2\/product"}],"about":[{"href":"https:\/\/anaisderboismolin.com\/en\/wp-json\/wp\/v2\/types\/product"}],"replies":[{"embeddable":true,"href":"https:\/\/anaisderboismolin.com\/en\/wp-json\/wp\/v2\/comments?post=2829"}],"wp:featuredmedia":[{"embeddable":true,"href":"https:\/\/anaisderboismolin.com\/en\/wp-json\/wp\/v2\/media\/2832"}],"wp:attachment":[{"href":"https:\/\/anaisderboismolin.com\/en\/wp-json\/wp\/v2\/media?parent=2829"}],"wp:term":[{"taxonomy":"product_brand","embeddable":true,"href":"https:\/\/anaisderboismolin.com\/en\/wp-json\/wp\/v2\/product_brand?post=2829"},{"taxonomy":"product_cat","embeddable":true,"href":"https:\/\/anaisderboismolin.com\/en\/wp-json\/wp\/v2\/product_cat?post=2829"},{"taxonomy":"product_tag","embeddable":true,"href":"https:\/\/anaisderboismolin.com\/en\/wp-json\/wp\/v2\/product_tag?post=2829"}],"curies":[{"name":"wp","href":"https:\/\/api.w.org\/{rel}","templated":true}]}}