{"id":3492,"date":"2024-04-14T09:28:25","date_gmt":"2024-04-14T09:28:25","guid":{"rendered":"https:\/\/anaisderboismolin.com\/?post_type=product&#038;p=3492"},"modified":"2024-10-28T11:52:52","modified_gmt":"2024-10-28T11:52:52","slug":"kit-balance-reiki-meditation-pranayama-yoga-restaurateur","status":"publish","type":"product","link":"https:\/\/anaisderboismolin.com\/en\/product\/kit-balance-reiki-meditation-pranayama-yoga-restaurateur\/","title":{"rendered":"Kit Balance : Reiki, M\u00e9ditation, Pranayama &#038; Yoga Restaurateur"},"content":{"rendered":"<p>Retrouves un equilibre dans ton quotidien avec le kit balance<\/p>\n<p>&nbsp;<\/p>\n<p>&nbsp;<\/p>\n<p style=\"text-align: center;\"><a href=\"https:\/\/anaisderboismolin.com\/cours\/kit-balance\"><span style=\"color: #993366;\"><strong>&#8212;&#8212;&gt;\u00a0 \u00a0 185 MINUTES DE WELLNESS\u00a0 \u00a0&lt;&#8212;&#8212;<\/strong><\/span><\/a><\/p>\n<p>&nbsp;<\/p>\n<p>Prends du temps pour toi, pour te recentrer, t&rsquo;aligner, t&rsquo; \u00e9couter et vivre la vie en pleine conscience.<\/p>\n<p>&nbsp;<\/p>\n<p>\ud83d\udda5Commence ton<a href=\"https:\/\/anaisderboismolin.com\/cours\/kit-balance\"> Kit Balance <\/a>avec ses 4 Modules:<\/p>\n<p>&nbsp;<\/p>\n<p>\u2705 Reiki + 45 MINUTES<\/p>\n<p>Plonge dans l&rsquo;ancienne sagesse du Reiki, une science de la vie qui harmonise le corps, l&rsquo;esprit et l&rsquo;\u00e2me. Apprends les principes de base pour \u00e9quilibrer ton \u00e9nergie vitale, am\u00e9liorer ta digestion et cr\u00e9er un bien-\u00eatre holistique.<\/p>\n<ul>\n<li>D\u00e9couvrir le Reiki<\/li>\n<li>Pratiquer le Reiki<\/li>\n<li>Meditation Reiki<\/li>\n<li>Cr\u00e9ation de tes premi\u00e8res routines : Morning &amp; Evening Rituels<\/li>\n<\/ul>\n<p>\u2705 Pranayama + 45 MINUTES<\/p>\n<div class=\"flex-1 overflow-hidden\">\n<div class=\"react-scroll-to-bottom--css-zrbtc-79elbk h-full\">\n<div class=\"react-scroll-to-bottom--css-zrbtc-1n7m0yu\">\n<div>\n<div class=\"flex flex-col text-sm\">\n<div class=\"w-full text-token-text-primary\" dir=\"auto\" data-testid=\"conversation-turn-3\">\n<div class=\"px-4 py-2 justify-center text-base md:gap-6 m-auto\">\n<div class=\"flex flex-1 text-base mx-auto gap-3 juice:gap-4 juice:md:gap-6 md:px-5 lg:px-1 xl:px-5 md:max-w-3xl lg:max-w-[40rem] xl:max-w-[48rem] group final-completion\">\n<div class=\"relative flex w-full flex-col agent-turn\">\n<div class=\"flex-col gap-1 md:gap-3\">\n<div class=\"flex flex-grow flex-col max-w-full\">\n<div class=\"min-h-[20px] text-message flex flex-col items-start gap-3 whitespace-pre-wrap break-words [.text-message+&amp;]:mt-5 overflow-x-auto\" dir=\"auto\" data-message-author-role=\"assistant\" data-message-id=\"43b2b5c3-5cc3-433c-b715-6e9139097cf2\">\n<div class=\"markdown prose w-full break-words dark:prose-invert dark\">\n<p>Explore les profondeurs de la pratique mill\u00e9naire du pranayama et du reiki, des disciplines ancestrales qui harmonisent le souffle et l&rsquo;\u00e9nergie vitale. D\u00e9couvre les techniques respiratoires yogiques pour nourrir ton \u00eatre, lib\u00e9rer les tensions et \u00e9lever ta vitalit\u00e9. Cultive la pleine conscience \u00e0 chaque inspiration et plonge dans un \u00e9tat de bien-\u00eatre profond.<\/p>\n<\/div>\n<\/div>\n<\/div>\n<\/div>\n<\/div>\n<\/div>\n<\/div>\n<\/div>\n<\/div>\n<\/div>\n<\/div>\n<\/div>\n<\/div>\n<div class=\"w-full pt-2 md:pt-0 dark:border-white\/20 md:border-transparent md:dark:border-transparent md:w-[calc(100%-.5rem)]\">\n<form class=\"stretch mx-2 flex flex-row gap-3 last:mb-2 md:mx-4 md:last:mb-6 lg:mx-auto lg:max-w-2xl xl:max-w-3xl\">\n<div class=\"relative flex h-full flex-1 flex-col\">\n<div class=\"absolute bottom-full left-0 right-0\">\n<div class=\"relative h-full w-full\">\n<div class=\"w-full pb-6 pt-2 last:pb-2 md:last:pb-6\"><\/div>\n<\/div>\n<\/div>\n<\/div>\n<\/form>\n<\/div>\n<ul>\n<li>La respiration Ancrage du Reiki<\/li>\n<li>1 Respiration Guid\u00e9e<\/li>\n<li>Equilibrer le Chakra Racine \u2764<\/li>\n<li>1 m\u00e9ditation guid\u00e9e pour \u00e9quilibrer le Chakra Racine<\/li>\n<\/ul>\n<p>\u2705 Meditation + 45 MINUTES<\/p>\n<p>Explore les vertus de la pleine conscience \u00e0 travers la m\u00e9ditation, et acquiers des m\u00e9thodes simples pour apaiser ton esprit, att\u00e9nuer le stress et atteindre l&rsquo;\u00e9quilibre int\u00e9rieur. Cultive une pr\u00e9sence consciente et une gratitude profonde \u00e0 chaque instant de ta vie, t&rsquo;ouvrant ainsi \u00e0 un \u00e9tat de paix int\u00e9rieure durable.<\/p>\n<ul>\n<li>M\u00e9ditation Reiki<\/li>\n<li>2 Meditations guid\u00e9e de pleine conscience<\/li>\n<li>2 Exercices de journaling sur la pleine conscience<\/li>\n<\/ul>\n<p>\u2705 Yoga Restaurateur : +\u00a0 45 MINUTES<\/p>\n<div class=\"flex-1 overflow-hidden\">\n<div class=\"react-scroll-to-bottom--css-zrbtc-79elbk h-full\">\n<div class=\"react-scroll-to-bottom--css-zrbtc-1n7m0yu\">\n<div>\n<div class=\"flex flex-col text-sm pb-9\">\n<div class=\"w-full text-token-text-primary\" dir=\"auto\" data-testid=\"conversation-turn-9\">\n<div class=\"px-4 py-2 justify-center text-base md:gap-6 m-auto\">\n<div class=\"flex flex-1 text-base mx-auto gap-3 juice:gap-4 juice:md:gap-6 md:px-5 lg:px-1 xl:px-5 md:max-w-3xl lg:max-w-[40rem] xl:max-w-[48rem] group final-completion\">\n<div class=\"relative flex w-full flex-col agent-turn\">\n<div class=\"flex-col gap-1 md:gap-3\">\n<div class=\"flex flex-grow flex-col max-w-full\">\n<div class=\"min-h-[20px] text-message flex flex-col items-start gap-3 whitespace-pre-wrap break-words [.text-message+&amp;]:mt-5 overflow-x-auto\" dir=\"auto\" data-message-author-role=\"assistant\" data-message-id=\"09935e1d-2554-4205-8e09-a3e81c7a5094\">\n<div class=\"markdown prose w-full break-words dark:prose-invert dark\">\n<p>Explorez le pouvoir de la pleine conscience et de l&rsquo;\u00e9quilibre int\u00e9rieur \u00e0 travers la pratique du yoga restaurateur. D\u00e9couvrez comment la respiration consciente peut amplifier les bienfaits de chaque posture, vous permettant ainsi de vous connecter profond\u00e9ment avec votre \u00eatre int\u00e9rieur et de trouver l&rsquo;harmonie dans le moment pr\u00e9sent.<\/p>\n<\/div>\n<\/div>\n<\/div>\n<\/div>\n<\/div>\n<\/div>\n<\/div>\n<\/div>\n<\/div>\n<\/div>\n<\/div>\n<\/div>\n<\/div>\n<ul>\n<li>M\u00e9ditation et Yoga Restaurateur<\/li>\n<li>Tes premiers pas avec cette pratique<\/li>\n<li>2 Pratiques guid\u00e9es en Vid\u00e9o<\/li>\n<\/ul>\n<p><a href=\"https:\/\/anaisderboismolin.com\/kit-Bahttps:\/\/anaisderboismolin.com\/cours\/kit-balancelance\">Rejoins-nous vite !<\/a><\/p>\n<p>Joie \u2728<\/p>\n","protected":false},"excerpt":{"rendered":"<h2 class=\"wp-block-heading has-text-color\">Ajoute de la pleine conscience dans ton Quotidien !<\/h2>\n<p>&nbsp;<\/p>\n<p class=\"has-text-align-justify sensei-content-description has-ast-global-color-2-color has-text-color\">\ud83c\udf08Trouve l&rsquo;\u00e9quilibre int\u00e9rieur en travaillant sur la pleine conscience pour harmoniser ton \u00eatre int\u00e9rieur au c\u0153ur de chaque instant.<\/p>\n<p>&nbsp;<\/p>\n<p class=\"sensei-content-description has-foreground-color has-text-color\">Prends du temps <strong>pour toi<\/strong>, pour te tourner vers ton l&rsquo;int\u00e9rieur. Ralentis le pas et ajoute de la douceur dans ton quotidien avec la pleine conscience et la pratique d&rsquo;auto gu\u00e9rison du Reiki.<\/p>\n<p>Je t&rsquo;invite \u00e0 mettre de la <strong>pleine conscience<\/strong> dans ton quotidien avec des <strong>petits rituels simple<\/strong> qui te feront du bien \u00e0 l&rsquo;esprit et au corps.<\/p>\n<p><span style=\"color: #993366;\"><strong>LE KIT BALANCE C&rsquo;EST 185 MINUTES DE WELLNESSE<\/strong><\/span><\/p>\n<p><span style=\"color: #993366;\"><strong>AVEC :\u00a0<\/strong><\/span><\/p>\n<ul>\n<li>Le Reiki<\/li>\n<li>Pranayama<\/li>\n<li>Meditation<\/li>\n<li>Yoga Restaurateur<\/li>\n<\/ul>\n<p>\ud83e\uddd8\u200d\u2640\ufe0fRecentre-toi, ancre-toi dans le pr\u00e9sent, accorde-toi du temps et d\u00e9couvre l&rsquo;\u00e9quilibre int\u00e9rieur au c\u0153ur de ta vie quotidienne.<\/p>\n<p>&nbsp;<\/p>\n<p>\u2705Adapt\u00e9 aux d\u00e9butants tout comme aux pratiquants d\u00e9sireux de retrouver les bases, ce kit propose des m\u00e9ditations, des exercices de respiration et des s\u00e9ances de yoga guid\u00e9es pour te guider vers une pleine conscience \u00e9quilibr\u00e9e.<\/p>\n<p>&nbsp;<\/p>","protected":false},"featured_media":3497,"comment_status":"open","ping_status":"closed","template":"","meta":{"_seopress_robots_primary_cat":"none","_seopress_titles_title":"Kit Balance : Ajoute de la pleine conscience dans ton quotidien","_seopress_titles_desc":"185 minutes de bien-\u00eatre: cr\u00e9ation de ta Routine Reiki, M\u00e9ditation, Pranayama, Yoga Restaurateur & journaling guid\u00e9s. Bonus: T\u00e9l\u00e9charge ton Kit imprimable.","_seopress_robots_index":"","_uag_custom_page_level_css":"","_exactmetrics_skip_tracking":false,"_exactmetrics_sitenote_active":false,"_exactmetrics_sitenote_note":"","_exactmetrics_sitenote_category":0,"_uf_show_specific_survey":0,"_uf_disable_surveys":false,"site-sidebar-layout":"default","site-content-layout":"default","ast-site-content-layout":"default","site-content-style":"default","site-sidebar-style":"default","ast-global-header-display":"","ast-banner-title-visibility":"","ast-main-header-display":"","ast-hfb-above-header-display":"","ast-hfb-below-header-display":"","ast-hfb-mobile-header-display":"","site-post-title":"","ast-breadcrumbs-content":"","ast-featured-img":"","footer-sml-layout":"","ast-disable-related-posts":"","theme-transparent-header-meta":"default","adv-header-id-meta":"","stick-header-meta":"","header-above-stick-meta":"","header-main-stick-meta":"","header-below-stick-meta":"","astra-migrate-meta-layouts":"set","ast-page-background-enabled":"default","ast-page-background-meta":{"desktop":{"background-color":"var(--ast-global-color-4)","background-image":"","background-repeat":"repeat","background-position":"center center","background-size":"auto","background-attachment":"scroll","background-type":"","background-media":"","overlay-type":"","overlay-color":"","overlay-opacity":"","overlay-gradient":""},"tablet":{"background-color":"","background-image":"","background-repeat":"repeat","background-position":"center center","background-size":"auto","background-attachment":"scroll","background-type":"","background-media":"","overlay-type":"","overlay-color":"","overlay-opacity":"","overlay-gradient":""},"mobile":{"background-color":"","background-image":"","background-repeat":"repeat","background-position":"center center","background-size":"auto","background-attachment":"scroll","background-type":"","background-media":"","overlay-type":"","overlay-color":"","overlay-opacity":"","overlay-gradient":""}},"ast-content-background-meta":{"desktop":{"background-color":"var(--ast-global-color-5)","background-image":"","background-repeat":"repeat","background-position":"center center","background-size":"auto","background-attachment":"scroll","background-type":"","background-media":"","overlay-type":"","overlay-color":"","overlay-opacity":"","overlay-gradient":""},"tablet":{"background-color":"var(--ast-global-color-5)","background-image":"","background-repeat":"repeat","background-position":"center center","background-size":"auto","background-attachment":"scroll","background-type":"","background-media":"","overlay-type":"","overlay-color":"","overlay-opacity":"","overlay-gradient":""},"mobile":{"background-color":"var(--ast-global-color-5)","background-image":"","background-repeat":"repeat","background-position":"center center","background-size":"auto","background-attachment":"scroll","background-type":"","background-media":"","overlay-type":"","overlay-color":"","overlay-opacity":"","overlay-gradient":""}},"episode_type":"","audio_file":"","podmotor_file_id":"","podmotor_episode_id":"","cover_image":"","cover_image_id":"","duration":"","filesize":"","filesize_raw":"","date_recorded":"","explicit":"","block":"","itunes_episode_number":"","itunes_title":"","itunes_season_number":"","itunes_episode_type":""},"product_brand":[],"product_cat":[62],"product_tag":[],"class_list":{"0":"post-3492","1":"product","2":"type-product","3":"status-publish","4":"has-post-thumbnail","6":"product_cat-programme","7":"post","8":"desktop-align-left","9":"tablet-align-left","10":"mobile-align-left","12":"first","13":"instock","14":"virtual","15":"purchasable","16":"product-type-simple"},"uagb_featured_image_src":{"full":["https:\/\/anaisderboismolin.com\/wp-content\/uploads\/2024\/04\/kit-balance.png",1080,1080,false],"thumbnail":["https:\/\/anaisderboismolin.com\/wp-content\/uploads\/2024\/04\/kit-balance-150x150.png",150,150,true],"medium":["https:\/\/anaisderboismolin.com\/wp-content\/uploads\/2024\/04\/kit-balance-300x300.png",300,300,true],"medium_large":["https:\/\/anaisderboismolin.com\/wp-content\/uploads\/2024\/04\/kit-balance-768x768.png",768,768,true],"large":["https:\/\/anaisderboismolin.com\/wp-content\/uploads\/2024\/04\/kit-balance-1024x1024.png",1024,1024,true],"1536x1536":["https:\/\/anaisderboismolin.com\/wp-content\/uploads\/2024\/04\/kit-balance.png",1080,1080,false],"2048x2048":["https:\/\/anaisderboismolin.com\/wp-content\/uploads\/2024\/04\/kit-balance.png",1080,1080,false],"trp-custom-language-flag":["https:\/\/anaisderboismolin.com\/wp-content\/uploads\/2024\/04\/kit-balance.png",12,12,false],"course_archive_thumbnail":["https:\/\/anaisderboismolin.com\/wp-content\/uploads\/2024\/04\/kit-balance-100x100.png",100,100,true],"course_single_thumbnail":["https:\/\/anaisderboismolin.com\/wp-content\/uploads\/2024\/04\/kit-balance-100x100.png",100,100,true],"lesson_archive_thumbnail":["https:\/\/anaisderboismolin.com\/wp-content\/uploads\/2024\/04\/kit-balance-100x100.png",100,100,true],"lesson_single_thumbnail":["https:\/\/anaisderboismolin.com\/wp-content\/uploads\/2024\/04\/kit-balance-100x100.png",100,100,true],"woocommerce_thumbnail":["https:\/\/anaisderboismolin.com\/wp-content\/uploads\/2024\/04\/kit-balance-300x300.png",300,300,true],"woocommerce_single":["https:\/\/anaisderboismolin.com\/wp-content\/uploads\/2024\/04\/kit-balance-600x600.png",600,600,true],"woocommerce_gallery_thumbnail":["https:\/\/anaisderboismolin.com\/wp-content\/uploads\/2024\/04\/kit-balance-100x100.png",100,100,true]},"uagb_author_info":{"display_name":"Licorne","author_link":"https:\/\/anaisderboismolin.com\/en\/author\/"},"uagb_comment_info":5,"uagb_excerpt":"Ajoute de la pleine conscience dans ton Quotidien ! &nbsp; \ud83c\udf08Trouve l'\u00e9quilibre int\u00e9rieur en travaillant sur la pleine conscience pour harmoniser ton \u00eatre int\u00e9rieur au c\u0153ur de chaque instant. &nbsp; Prends du temps pour toi, pour te tourner vers ton l'int\u00e9rieur. Ralentis le pas et ajoute de la douceur dans ton quotidien avec la pleine&hellip;","_links":{"self":[{"href":"https:\/\/anaisderboismolin.com\/en\/wp-json\/wp\/v2\/product\/3492","targetHints":{"allow":["GET"]}}],"collection":[{"href":"https:\/\/anaisderboismolin.com\/en\/wp-json\/wp\/v2\/product"}],"about":[{"href":"https:\/\/anaisderboismolin.com\/en\/wp-json\/wp\/v2\/types\/product"}],"replies":[{"embeddable":true,"href":"https:\/\/anaisderboismolin.com\/en\/wp-json\/wp\/v2\/comments?post=3492"}],"wp:featuredmedia":[{"embeddable":true,"href":"https:\/\/anaisderboismolin.com\/en\/wp-json\/wp\/v2\/media\/3497"}],"wp:attachment":[{"href":"https:\/\/anaisderboismolin.com\/en\/wp-json\/wp\/v2\/media?parent=3492"}],"wp:term":[{"taxonomy":"product_brand","embeddable":true,"href":"https:\/\/anaisderboismolin.com\/en\/wp-json\/wp\/v2\/product_brand?post=3492"},{"taxonomy":"product_cat","embeddable":true,"href":"https:\/\/anaisderboismolin.com\/en\/wp-json\/wp\/v2\/product_cat?post=3492"},{"taxonomy":"product_tag","embeddable":true,"href":"https:\/\/anaisderboismolin.com\/en\/wp-json\/wp\/v2\/product_tag?post=3492"}],"curies":[{"name":"wp","href":"https:\/\/api.w.org\/{rel}","templated":true}]}}