{"id":4148,"date":"2025-01-02T08:06:38","date_gmt":"2025-01-02T08:06:38","guid":{"rendered":"https:\/\/anaisderboismolin.com\/?post_type=product&#038;p=4148"},"modified":"2025-09-21T10:22:26","modified_gmt":"2025-09-21T10:22:26","slug":"my-new-zealand-wine-adventure-pocket-guide","status":"publish","type":"product","link":"https:\/\/anaisderboismolin.com\/en\/product\/my-new-zealand-wine-adventure-pocket-guide\/","title":{"rendered":"My New Zealand Wine Adventure Pocket Guide"},"content":{"rendered":"<p class=\"has-text-align-center\">\r\n\r\n<\/p>\r\n<p>\r\n\r\n<\/p>\r\n<div class=\"wp-block-spacer\" aria-hidden=\"true\">\r\n<p><span style=\"font-size: 1.7em; font-weight: bold;\">As-tu d\u00e9j\u00e0 r\u00eav\u00e9 de faire les vendanges en Nouvelle-Z\u00e9lande?<\/span><\/p>\r\n<\/div>\r\n<p>\r\n\r\n<\/p>\r\n<div class=\"wp-block-spacer\" aria-hidden=\"true\">\u00a0<\/div>\r\n<p>\r\n\r\n<\/p>\r\n<p>Si comme moi, tu r\u00eaves de partir en Nouvelle-Z\u00e9lande et faire tes classes dans l&rsquo;industrie viticole\u202f; <strong>ce guide est fait pour toi ! <\/strong><\/p>\r\n<p>\r\n\r\n<\/p>\r\n<p>Je te donne ici les cl\u00e9s pour cr\u00e9er ta <strong>wine journey<\/strong> en Nouvelle-Z\u00e9lande. Comment ?<\/p>\r\n<p>\r\n\r\n<\/p>\r\n<p>En entrant par la porte du monde viticole n\u00e9o-z\u00e9landais, tu d\u00e9couvriras les secrets des vins blancs N\u00e9o-Z\u00e9landais et du Sauvignon blanc de Marlborough.<\/p>\r\n<p>\r\n\r\n<\/p>\r\n<p>Tu trouveras d\u00e8s les premi\u00e8res pages le type de visa qui est fait pour toi et ta situation ( \u00e2ge, d\u00eeplome etc&#8230;). Avec ce Pocket Guide, tu auras les cl\u00e9s en mains pour faire de ton r\u00eave une r\u00e9alit\u00e9.<\/p>\r\n<p>\r\n\r\n<\/p>\r\n<p>Tu retrouveras dans cet ebook de nombreuses r\u00e9ponses \u00e0 tes questions et de pr\u00e9cieux conseils pour commencer ta Backpacker life !<\/p>\r\n<p>\r\n\r\n<\/p>\r\n<div class=\"wp-block-spacer\" aria-hidden=\"true\">\u00a0<\/div>\r\n<p>\r\n\r\n<\/p>\r\n<h2 class=\"wp-block-heading has-large-font-size\">Pourquoi travailler en Nouvelle-Z\u00e9lande?<\/h2>\r\n<p>\r\n\r\n<\/p>\r\n<div class=\"wp-block-spacer\" aria-hidden=\"true\">\u00a0<\/div>\r\n<p>\r\n\r\n<\/p>\r\n<p>La Nouvelle-Z\u00e9lande est un pays qui valorise ses employ\u00e9s\u202f! Les entreprises te forment de A \u00e0 Z , dynamisme et efficacit\u00e9, c&rsquo;est tout ce qu&rsquo;ils demandent\u202f!<\/p>\r\n<p>\r\n\r\n<\/p>\r\n<p class=\"has-text-align-left\">Adieux les entretiens d&#8217;embauches qui s&rsquo;\u00e9talent sur deux semaines et la collection de dipl\u00f4me qu&rsquo;il faut mettre sur ton CV !<\/p>\r\n<p>\r\n\r\n<\/p>\r\n<p>Apprendre et grandir dans le secteur que tu aimes dans un environnement qui valorise le m\u00e9rite !<\/p>\r\n<p>\r\n\r\n<\/p>\r\n<p>Et comme tout travail m\u00e9rite salaire, celui-ci est bien bien sup\u00e9rieur au Smic Francais !<\/p>\r\n<p>\r\n\r\n<\/p>\r\n<div class=\"wp-block-spacer\" aria-hidden=\"true\">\u00a0<\/div>\r\n<p><\/p>\r\n<p><!-- \/wp:post-content -->\r\n\r\n<!-- wp:spacer {\"height\":\"50px\"} --><\/p>\r\n<div class=\"wp-block-spacer\" aria-hidden=\"true\">\u00a0<\/div>\r\n<div aria-hidden=\"true\"><span style=\"text-decoration: underline;\"><strong>Les Derni\u00e8res pages sont les Updates 2025 avec les Nouveaux Visas .<\/strong><\/span><\/div>\r\n<div aria-hidden=\"true\">\u00a0<\/div>\r\n<p><!-- \/wp:spacer -->\r\n\r\n<!-- wp:paragraph {\"align\":\"center\",\"textColor\":\"ast-global-color-1\"} --><\/p>\r\n<p class=\"has-text-align-center has-ast-global-color-1-color has-text-color\"><strong>Commence ton aventure d\u00e8s maintenant ! <\/strong><\/p>\r\n<p><!-- \/wp:paragraph -->\r\n\r\n<!-- wp:heading {\"textAlign\":\"center\"} --><\/p>\r\n<h2 class=\"wp-block-heading has-text-align-center\">Avec le guide PVT Nouvelle-Z\u00e9lande !<\/h2>\r\n<p class=\"has-text-align-center\">\u00a0<\/p>\r\n<!-- \/wp:heading -->","protected":false},"excerpt":{"rendered":"<h3 class=\"wp-block-heading\">Ce que contient l\u2019 Ebook :<\/h3>\n<p>&nbsp;<\/p>\n<p>\u2705\u00a0Pr\u00e9sentation des plus grandes r\u00e9gions viticoles de Nouvelle-Z\u00e9lande, pour t\u2019aider \u00e0 faire ton choix!<\/p>\n<p>\u2705 Descriptions des types de visa auxquels tu peux pr\u00e9tendre en fonction de ta situation update 2025!<\/p>\n<p>\u2705\u00a0Comparatif des salaires en Nouvelle-Z\u00e9lande et de combien tu peux gagner en travaillant dans le vin!<\/p>\n<p>\u2705\u00a0Te donner les cl\u00e9s pour travailler dans le vin ! Sans dipl\u00f4me !<\/p>\n<p>\u2705\u00a0Des astuces pour commencer ta recherche d\u2019emplois depuis l\u2019\u00e9tranger !<\/p>\n<p>\u2705\u00a0Les DO et les DON\u2019T !<\/p>\n<p>\u2705\u00a0Boite \u00e0 outils pour te rendre la vie plus facile !<\/p>\n<p><!-- \/wp:paragraph --><\/p>\n<p><!-- wp:paragraph {\"align\":\"center\"} --><\/p>\n<p class=\"has-text-align-center\">\u00a0<\/p>","protected":false},"featured_media":4150,"comment_status":"open","ping_status":"closed","template":"","meta":{"_seopress_robots_primary_cat":"none","_seopress_titles_title":"Ton Pocket Guide pour r\u00e9ussir ton aventure en Nouvelle-Zelande","_seopress_titles_desc":"Guide pour tous savoir sur VISAS et r\u00e9gions viticoles pour partir faire les vendanges en Nouvelle-Z\u00e9lande. Commence ton aventure d\u00e8s Maintenant.","_seopress_robots_index":"yes","_uag_custom_page_level_css":"","_exactmetrics_skip_tracking":false,"_exactmetrics_sitenote_active":false,"_exactmetrics_sitenote_note":"","_exactmetrics_sitenote_category":0,"_uf_show_specific_survey":0,"_uf_disable_surveys":false,"site-sidebar-layout":"default","site-content-layout":"default","ast-site-content-layout":"default","site-content-style":"default","site-sidebar-style":"default","ast-global-header-display":"","ast-banner-title-visibility":"","ast-main-header-display":"","ast-hfb-above-header-display":"","ast-hfb-below-header-display":"","ast-hfb-mobile-header-display":"","site-post-title":"","ast-breadcrumbs-content":"","ast-featured-img":"","footer-sml-layout":"","ast-disable-related-posts":"","theme-transparent-header-meta":"default","adv-header-id-meta":"","stick-header-meta":"","header-above-stick-meta":"","header-main-stick-meta":"","header-below-stick-meta":"","astra-migrate-meta-layouts":"set","ast-page-background-enabled":"default","ast-page-background-meta":{"desktop":{"background-color":"var(--ast-global-color-4)","background-image":"","background-repeat":"repeat","background-position":"center center","background-size":"auto","background-attachment":"scroll","background-type":"","background-media":"","overlay-type":"","overlay-color":"","overlay-opacity":"","overlay-gradient":""},"tablet":{"background-color":"","background-image":"","background-repeat":"repeat","background-position":"center center","background-size":"auto","background-attachment":"scroll","background-type":"","background-media":"","overlay-type":"","overlay-color":"","overlay-opacity":"","overlay-gradient":""},"mobile":{"background-color":"","background-image":"","background-repeat":"repeat","background-position":"center center","background-size":"auto","background-attachment":"scroll","background-type":"","background-media":"","overlay-type":"","overlay-color":"","overlay-opacity":"","overlay-gradient":""}},"ast-content-background-meta":{"desktop":{"background-color":"var(--ast-global-color-5)","background-image":"","background-repeat":"repeat","background-position":"center center","background-size":"auto","background-attachment":"scroll","background-type":"","background-media":"","overlay-type":"","overlay-color":"","overlay-opacity":"","overlay-gradient":""},"tablet":{"background-color":"var(--ast-global-color-5)","background-image":"","background-repeat":"repeat","background-position":"center center","background-size":"auto","background-attachment":"scroll","background-type":"","background-media":"","overlay-type":"","overlay-color":"","overlay-opacity":"","overlay-gradient":""},"mobile":{"background-color":"var(--ast-global-color-5)","background-image":"","background-repeat":"repeat","background-position":"center center","background-size":"auto","background-attachment":"scroll","background-type":"","background-media":"","overlay-type":"","overlay-color":"","overlay-opacity":"","overlay-gradient":""}},"episode_type":"","audio_file":"","podmotor_file_id":"","podmotor_episode_id":"","cover_image":"","cover_image_id":"","duration":"","filesize":"","filesize_raw":"","date_recorded":"","explicit":"","block":"","itunes_episode_number":"","itunes_title":"","itunes_season_number":"","itunes_episode_type":""},"product_brand":[],"product_cat":[94],"product_tag":[],"class_list":{"0":"post-4148","1":"product","2":"type-product","3":"status-publish","4":"has-post-thumbnail","6":"product_cat-improve-with-wine","7":"post","8":"desktop-align-left","9":"tablet-align-left","10":"mobile-align-left","12":"first","13":"instock","14":"sale","15":"downloadable","16":"sold-individually","17":"shipping-taxable","18":"purchasable","19":"product-type-simple"},"uagb_featured_image_src":{"full":["https:\/\/anaisderboismolin.com\/wp-content\/uploads\/2025\/01\/wine-adventure-pocket-guide-marketing.webp",1080,1080,false],"thumbnail":["https:\/\/anaisderboismolin.com\/wp-content\/uploads\/2025\/01\/wine-adventure-pocket-guide-marketing-150x150.webp",150,150,true],"medium":["https:\/\/anaisderboismolin.com\/wp-content\/uploads\/2025\/01\/wine-adventure-pocket-guide-marketing-300x300.webp",300,300,true],"medium_large":["https:\/\/anaisderboismolin.com\/wp-content\/uploads\/2025\/01\/wine-adventure-pocket-guide-marketing-768x768.webp",768,768,true],"large":["https:\/\/anaisderboismolin.com\/wp-content\/uploads\/2025\/01\/wine-adventure-pocket-guide-marketing-1024x1024.webp",1024,1024,true],"1536x1536":["https:\/\/anaisderboismolin.com\/wp-content\/uploads\/2025\/01\/wine-adventure-pocket-guide-marketing.webp",1080,1080,false],"2048x2048":["https:\/\/anaisderboismolin.com\/wp-content\/uploads\/2025\/01\/wine-adventure-pocket-guide-marketing.webp",1080,1080,false],"trp-custom-language-flag":["https:\/\/anaisderboismolin.com\/wp-content\/uploads\/2025\/01\/wine-adventure-pocket-guide-marketing-12x12.webp",12,12,true],"course_archive_thumbnail":["https:\/\/anaisderboismolin.com\/wp-content\/uploads\/2025\/01\/wine-adventure-pocket-guide-marketing.webp",100,100,false],"course_single_thumbnail":["https:\/\/anaisderboismolin.com\/wp-content\/uploads\/2025\/01\/wine-adventure-pocket-guide-marketing.webp",100,100,false],"lesson_archive_thumbnail":["https:\/\/anaisderboismolin.com\/wp-content\/uploads\/2025\/01\/wine-adventure-pocket-guide-marketing.webp",100,100,false],"lesson_single_thumbnail":["https:\/\/anaisderboismolin.com\/wp-content\/uploads\/2025\/01\/wine-adventure-pocket-guide-marketing.webp",100,100,false],"woocommerce_thumbnail":["https:\/\/anaisderboismolin.com\/wp-content\/uploads\/2025\/01\/wine-adventure-pocket-guide-marketing-300x300.webp",300,300,true],"woocommerce_single":["https:\/\/anaisderboismolin.com\/wp-content\/uploads\/2025\/01\/wine-adventure-pocket-guide-marketing-600x600.webp",600,600,true],"woocommerce_gallery_thumbnail":["https:\/\/anaisderboismolin.com\/wp-content\/uploads\/2025\/01\/wine-adventure-pocket-guide-marketing-100x100.webp",100,100,true]},"uagb_author_info":{"display_name":"Licorne","author_link":"https:\/\/anaisderboismolin.com\/en\/author\/"},"uagb_comment_info":0,"uagb_excerpt":"Ce que contient l\u2019 Ebook : &nbsp; \u2705\u00a0Pr\u00e9sentation des plus grandes r\u00e9gions viticoles de Nouvelle-Z\u00e9lande, pour t\u2019aider \u00e0 faire ton choix! \u2705 Descriptions des types de visa auxquels tu peux pr\u00e9tendre en fonction de ta situation update 2025! \u2705\u00a0Comparatif des salaires en Nouvelle-Z\u00e9lande et de combien tu peux gagner en travaillant dans le vin! \u2705\u00a0Te&hellip;","_links":{"self":[{"href":"https:\/\/anaisderboismolin.com\/en\/wp-json\/wp\/v2\/product\/4148","targetHints":{"allow":["GET"]}}],"collection":[{"href":"https:\/\/anaisderboismolin.com\/en\/wp-json\/wp\/v2\/product"}],"about":[{"href":"https:\/\/anaisderboismolin.com\/en\/wp-json\/wp\/v2\/types\/product"}],"replies":[{"embeddable":true,"href":"https:\/\/anaisderboismolin.com\/en\/wp-json\/wp\/v2\/comments?post=4148"}],"wp:featuredmedia":[{"embeddable":true,"href":"https:\/\/anaisderboismolin.com\/en\/wp-json\/wp\/v2\/media\/4150"}],"wp:attachment":[{"href":"https:\/\/anaisderboismolin.com\/en\/wp-json\/wp\/v2\/media?parent=4148"}],"wp:term":[{"taxonomy":"product_brand","embeddable":true,"href":"https:\/\/anaisderboismolin.com\/en\/wp-json\/wp\/v2\/product_brand?post=4148"},{"taxonomy":"product_cat","embeddable":true,"href":"https:\/\/anaisderboismolin.com\/en\/wp-json\/wp\/v2\/product_cat?post=4148"},{"taxonomy":"product_tag","embeddable":true,"href":"https:\/\/anaisderboismolin.com\/en\/wp-json\/wp\/v2\/product_tag?post=4148"}],"curies":[{"name":"wp","href":"https:\/\/api.w.org\/{rel}","templated":true}]}}