{"id":4434,"date":"2025-07-26T02:04:56","date_gmt":"2025-07-26T02:04:56","guid":{"rendered":"https:\/\/anaisderboismolin.com\/?post_type=product&#038;p=4434"},"modified":"2025-09-19T21:28:58","modified_gmt":"2025-09-19T21:28:58","slug":"new-zealand-winery-list","status":"publish","type":"product","link":"https:\/\/anaisderboismolin.com\/en\/product\/new-zealand-winery-list\/","title":{"rendered":"New Zealand Winery List"},"content":{"rendered":"<h2 data-start=\"200\" data-end=\"280\">Ta Liste de Prospection Optimis\u00e9e : Sp\u00e9ciale Vignobles de Nouvelle-Z\u00e9lande<\/h2>\n<p>&nbsp;<\/p>\n<p data-start=\"223\" data-end=\"761\"><strong data-start=\"223\" data-end=\"295\">Tu r\u00eaves de vivre une aventure au c\u0153ur des vignobles n\u00e9o-z\u00e9landais ?<\/strong> Que tu cherches un <strong data-start=\"315\" data-end=\"341\">job dans les vendanges<\/strong>, un poste de <strong data-start=\"355\" data-end=\"370\">cellar hand<\/strong>, un r\u00f4le en <strong data-start=\"383\" data-end=\"398\">cellar door<\/strong>, ou m\u00eame une exp\u00e9rience comme <strong data-start=\"429\" data-end=\"448\">wine tour guide<\/strong>, cet eBook est fait pour toi. En tapant des mots-cl\u00e9s comme <em data-start=\"509\" data-end=\"545\" data-is-only-node=\"\">\u201cNew Zealand wine jobs backpacker\u201d<\/em>, <em data-start=\"547\" data-end=\"564\">\u201cvineyard work\u201d<\/em>, <em data-start=\"566\" data-end=\"590\">\u201cvintage harvest jobs\u201d<\/em>, ou encore <em data-start=\"602\" data-end=\"622\">\u201ctravail vigne NZ\u201d<\/em>, des centaines de voyageurs partent chaque ann\u00e9e \u00e0 la recherche d\u2019un emploi dans les domaines viticoles, et toi aussi, tu peux le faire.<\/p>\n<p data-start=\"763\" data-end=\"1153\">Dans ce Carnet d&rsquo;adresse, tu d\u00e9couvriras environs 150 Domaines viticoles dans <strong data-start=\"794\" data-end=\"825\">les r\u00e9gions incontournables de la Nouvelle-Z\u00e9lande.<\/strong> Que tu sois en visa PVT ou simplement en qu\u00eate d\u2019un job authentique et bien pay\u00e9, tu trouveras chaussures \u00e0 ton pied, pour r\u00e9ussir ton exp\u00e9rience viticole en Nouvelle-Z\u00e9lande.<\/p>\n<p data-start=\"485\" data-end=\"539\">\u2705 <strong data-start=\"487\" data-end=\"537\">Ce que contient cette liste pr\u00eate \u00e0 l\u2019emploi :<\/strong><\/p>\n<ul data-start=\"540\" data-end=\"1010\">\n<li data-start=\"540\" data-end=\"647\">\n<p data-start=\"542\" data-end=\"647\">Plus de 130 domaines r\u00e9pertori\u00e9s <strong data-start=\"574\" data-end=\"597\">par r\u00e9gion viticole<\/strong> (Marlborough, Hawke\u2019s Bay, Central Otago, etc.)<\/p>\n<\/li>\n<li data-start=\"648\" data-end=\"834\">\n<p data-start=\"650\" data-end=\"834\">Pour chaque vignoble :<br data-start=\"672\" data-end=\"675\" \/>\u2022 Les <strong data-start=\"684\" data-end=\"706\">c\u00e9pages travaill\u00e9s<\/strong><br data-start=\"706\" data-end=\"709\" \/>\u2022 Les <strong data-start=\"718\" data-end=\"749\">types de postes disponibles<\/strong><br data-start=\"749\" data-end=\"752\" \/>\u2022 Les <strong data-start=\"761\" data-end=\"781\">contacts directs<\/strong> (email, t\u00e9l\u00e9phone, site) pour postuler en spontan\u00e9<\/p>\n<\/li>\n<\/ul>\n<p>&nbsp;<\/p>\n<ul data-start=\"540\" data-end=\"1010\">\n<li data-start=\"835\" data-end=\"1010\">\n<p data-start=\"837\" data-end=\"1010\">Une section <strong data-start=\"849\" data-end=\"873\">suivi de candidature<\/strong> pour noter :<br data-start=\"886\" data-end=\"889\" \/>\u2022 Dates d\u2019envoi<br data-start=\"907\" data-end=\"910\" \/>\u2022 Relances<br data-start=\"923\" data-end=\"926\" \/>\u2022 R\u00e9ponses<br data-start=\"958\" data-end=\"961\" \/>\u2022 Date d\u2019entretien et relance post-interview<\/p>\n<\/li>\n<\/ul>\n<p>&nbsp;<\/p>\n<p data-start=\"1012\" data-end=\"1051\">\ud83c\udfaf <strong data-start=\"1015\" data-end=\"1049\">Pourquoi c\u2019est fait pour toi ?<\/strong><\/p>\n<ul data-start=\"540\" data-end=\"1010\">\n<li style=\"list-style-type: none;\" data-start=\"835\" data-end=\"1010\">\n<ul>\n<li>Tu gagnes un temps fou dans ta recherche<\/li>\n<\/ul>\n<ul>\n<li>Tu as une <strong data-start=\"1109\" data-end=\"1144\">vision claire de ton avancement<\/strong><\/li>\n<\/ul>\n<ul>\n<li>Tu restes organis\u00e9\u00b7e et r\u00e9actif\u00b7ve, m\u00eame \u00e0 distance<\/li>\n<li>Tu peux <strong data-start=\"1213\" data-end=\"1254\">postuler directement depuis la France<\/strong><\/li>\n<\/ul>\n<\/li>\n<\/ul>\n<p>&nbsp;<\/p>\n<p data-start=\"1256\" data-end=\"1448\">\ud83d\udca5 <strong data-start=\"1259\" data-end=\"1279\">Bonus exclusif :<\/strong><br data-start=\"1279\" data-end=\"1282\" \/>\u00c0 l\u2019achat de ce fichier, tu b\u00e9n\u00e9ficies d\u2019une <strong data-start=\"1327\" data-end=\"1383\">r\u00e9duction de 20%\u00a0 sur l\u2019accompagnement personnalis\u00e9<\/strong> pour t\u2019aider \u00e0 booster ta candidature et maximiser tes chances !<\/p>\n<p data-start=\"106\" data-end=\"427\"><strong data-start=\"106\" data-end=\"198\">Besoin d\u2019un coup de pouce pour bien utiliser la liste et r\u00e9ussir ta recherche d\u2019emploi ?<\/strong> T\u00e9l\u00e9charge le eBook <a href=\"https:\/\/anaisderboismolin.com\/en\/product\/new-zealand-wine-worker-starter-kit\/\"><em data-start=\"219\" data-end=\"238\">NZ Work Made Easy<\/em>,<\/a> en promo en ce moment ! Un guide simple et efficace pour t\u2019aider \u00e0 postuler comme un pro, \u00e9viter les erreurs, et maximiser tes chances de d\u00e9crocher un job dans le vin en Nouvelle-Z\u00e9lande.<\/p>\n<p data-start=\"434\" data-end=\"472\" data-is-last-node=\"\" data-is-only-node=\"\">","protected":false},"excerpt":{"rendered":"<p>Que tu cherches un\u00a0<strong>job dans les vendanges<\/strong>, un poste de\u00a0<strong>cellar hand<\/strong>, \u00a0ou m\u00eame une exp\u00e9rience comme\u00a0<strong>wine tour guide<\/strong>, cette liste est faite pour toi.<\/p>\n<p>&nbsp;<\/p>\n<p><strong>J\u2019aurais r\u00eav\u00e9 avoir cette liste entre les mains avant mon d\u00e9part, il y a 6 ans<\/strong>. Si toi aussi tu veux faire les vendanges ou bosser dans les vignes en Nouvelle-Z\u00e9lande, et surtout d\u00e9crocher un job depuis la France, cette liste va te faire gagner un temps fou.<strong> J\u2019y ai regroup\u00e9 plus de 130 domaines<\/strong> qui recrutent r\u00e9guli\u00e8rement dans la vigne, en cave ou en cellar door.<\/p>\n<p>&nbsp;<\/p>\n<p><strong>Avec cette liste, je facilite tout ton d\u00e9marchage.<\/strong>\u00a0Tu disposes d\u2019un tableau de suivi intelligent, pens\u00e9 pour les backpackers et voyageurs motiv\u00e9s : il te permet de visualiser ta progression, noter les dates d\u2019envoi et de relance, indiquer le poste pour lequel tu as postul\u00e9, et organiser ton planning facilement.<\/p>\n<p>&nbsp;<\/p>\n<p><strong>Ton seul job ?<\/strong>\u00a0Peaufiner un bon CV. Le reste, je l\u2019ai fait pour toi.<\/p>","protected":false},"featured_media":4437,"comment_status":"open","ping_status":"closed","template":"","meta":{"_seopress_robots_primary_cat":"94","_seopress_titles_title":"","_seopress_titles_desc":"D\u00e9couvre 130+ domaines viticoles en Nouvelle-Z\u00e9lande qui recrutent. Id\u00e9al pour d\u00e9crocher un job dans la vigne, cave ou cellar door avant ton d\u00e9part !","_seopress_robots_index":"","_uag_custom_page_level_css":"","_exactmetrics_skip_tracking":false,"_exactmetrics_sitenote_active":false,"_exactmetrics_sitenote_note":"","_exactmetrics_sitenote_category":0,"_uf_show_specific_survey":0,"_uf_disable_surveys":false,"site-sidebar-layout":"default","site-content-layout":"","ast-site-content-layout":"default","site-content-style":"default","site-sidebar-style":"default","ast-global-header-display":"","ast-banner-title-visibility":"","ast-main-header-display":"","ast-hfb-above-header-display":"","ast-hfb-below-header-display":"","ast-hfb-mobile-header-display":"","site-post-title":"","ast-breadcrumbs-content":"","ast-featured-img":"","footer-sml-layout":"","ast-disable-related-posts":"","theme-transparent-header-meta":"default","adv-header-id-meta":"","stick-header-meta":"","header-above-stick-meta":"","header-main-stick-meta":"","header-below-stick-meta":"","astra-migrate-meta-layouts":"set","ast-page-background-enabled":"default","ast-page-background-meta":{"desktop":{"background-color":"var(--ast-global-color-4)","background-image":"","background-repeat":"repeat","background-position":"center center","background-size":"auto","background-attachment":"scroll","background-type":"","background-media":"","overlay-type":"","overlay-color":"","overlay-opacity":"","overlay-gradient":""},"tablet":{"background-color":"","background-image":"","background-repeat":"repeat","background-position":"center center","background-size":"auto","background-attachment":"scroll","background-type":"","background-media":"","overlay-type":"","overlay-color":"","overlay-opacity":"","overlay-gradient":""},"mobile":{"background-color":"","background-image":"","background-repeat":"repeat","background-position":"center center","background-size":"auto","background-attachment":"scroll","background-type":"","background-media":"","overlay-type":"","overlay-color":"","overlay-opacity":"","overlay-gradient":""}},"ast-content-background-meta":{"desktop":{"background-color":"var(--ast-global-color-5)","background-image":"","background-repeat":"repeat","background-position":"center center","background-size":"auto","background-attachment":"scroll","background-type":"","background-media":"","overlay-type":"","overlay-color":"","overlay-opacity":"","overlay-gradient":""},"tablet":{"background-color":"var(--ast-global-color-5)","background-image":"","background-repeat":"repeat","background-position":"center center","background-size":"auto","background-attachment":"scroll","background-type":"","background-media":"","overlay-type":"","overlay-color":"","overlay-opacity":"","overlay-gradient":""},"mobile":{"background-color":"var(--ast-global-color-5)","background-image":"","background-repeat":"repeat","background-position":"center center","background-size":"auto","background-attachment":"scroll","background-type":"","background-media":"","overlay-type":"","overlay-color":"","overlay-opacity":"","overlay-gradient":""}},"episode_type":"","audio_file":"","podmotor_file_id":"","podmotor_episode_id":"","cover_image":"","cover_image_id":"","duration":"","filesize":"","filesize_raw":"","date_recorded":"","explicit":"","block":"","itunes_episode_number":"","itunes_title":"","itunes_season_number":"","itunes_episode_type":""},"product_brand":[],"product_cat":[94],"product_tag":[],"class_list":{"0":"post-4434","1":"product","2":"type-product","3":"status-publish","4":"has-post-thumbnail","6":"product_cat-improve-with-wine","7":"post","8":"desktop-align-left","9":"tablet-align-left","10":"mobile-align-left","12":"first","13":"instock","14":"virtual","15":"purchasable","16":"product-type-simple"},"uagb_featured_image_src":{"full":["https:\/\/anaisderboismolin.com\/wp-content\/uploads\/2025\/07\/NZ-winery-list-prospection-made-easy-1.webp",1080,1080,false],"thumbnail":["https:\/\/anaisderboismolin.com\/wp-content\/uploads\/2025\/07\/NZ-winery-list-prospection-made-easy-1-150x150.webp",150,150,true],"medium":["https:\/\/anaisderboismolin.com\/wp-content\/uploads\/2025\/07\/NZ-winery-list-prospection-made-easy-1-300x300.webp",300,300,true],"medium_large":["https:\/\/anaisderboismolin.com\/wp-content\/uploads\/2025\/07\/NZ-winery-list-prospection-made-easy-1-768x768.webp",768,768,true],"large":["https:\/\/anaisderboismolin.com\/wp-content\/uploads\/2025\/07\/NZ-winery-list-prospection-made-easy-1-1024x1024.webp",1024,1024,true],"1536x1536":["https:\/\/anaisderboismolin.com\/wp-content\/uploads\/2025\/07\/NZ-winery-list-prospection-made-easy-1.webp",1080,1080,false],"2048x2048":["https:\/\/anaisderboismolin.com\/wp-content\/uploads\/2025\/07\/NZ-winery-list-prospection-made-easy-1.webp",1080,1080,false],"trp-custom-language-flag":["https:\/\/anaisderboismolin.com\/wp-content\/uploads\/2025\/07\/NZ-winery-list-prospection-made-easy-1-12x12.webp",12,12,true],"course_archive_thumbnail":["https:\/\/anaisderboismolin.com\/wp-content\/uploads\/2025\/07\/NZ-winery-list-prospection-made-easy-1-100x100.webp",100,100,true],"course_single_thumbnail":["https:\/\/anaisderboismolin.com\/wp-content\/uploads\/2025\/07\/NZ-winery-list-prospection-made-easy-1-100x100.webp",100,100,true],"lesson_archive_thumbnail":["https:\/\/anaisderboismolin.com\/wp-content\/uploads\/2025\/07\/NZ-winery-list-prospection-made-easy-1-100x100.webp",100,100,true],"lesson_single_thumbnail":["https:\/\/anaisderboismolin.com\/wp-content\/uploads\/2025\/07\/NZ-winery-list-prospection-made-easy-1-100x100.webp",100,100,true],"woocommerce_thumbnail":["https:\/\/anaisderboismolin.com\/wp-content\/uploads\/2025\/07\/NZ-winery-list-prospection-made-easy-1-300x300.webp",300,300,true],"woocommerce_single":["https:\/\/anaisderboismolin.com\/wp-content\/uploads\/2025\/07\/NZ-winery-list-prospection-made-easy-1-600x600.webp",600,600,true],"woocommerce_gallery_thumbnail":["https:\/\/anaisderboismolin.com\/wp-content\/uploads\/2025\/07\/NZ-winery-list-prospection-made-easy-1-100x100.webp",100,100,true]},"uagb_author_info":{"display_name":"Licorne","author_link":"https:\/\/anaisderboismolin.com\/en\/author\/"},"uagb_comment_info":0,"uagb_excerpt":"Que tu cherches un\u00a0job dans les vendanges, un poste de\u00a0cellar hand, \u00a0ou m\u00eame une exp\u00e9rience comme\u00a0wine tour guide, cette liste est faite pour toi. &nbsp; J\u2019aurais r\u00eav\u00e9 avoir cette liste entre les mains avant mon d\u00e9part, il y a 6 ans. Si toi aussi tu veux faire les vendanges ou bosser dans les vignes en&hellip;","_links":{"self":[{"href":"https:\/\/anaisderboismolin.com\/en\/wp-json\/wp\/v2\/product\/4434","targetHints":{"allow":["GET"]}}],"collection":[{"href":"https:\/\/anaisderboismolin.com\/en\/wp-json\/wp\/v2\/product"}],"about":[{"href":"https:\/\/anaisderboismolin.com\/en\/wp-json\/wp\/v2\/types\/product"}],"replies":[{"embeddable":true,"href":"https:\/\/anaisderboismolin.com\/en\/wp-json\/wp\/v2\/comments?post=4434"}],"wp:featuredmedia":[{"embeddable":true,"href":"https:\/\/anaisderboismolin.com\/en\/wp-json\/wp\/v2\/media\/4437"}],"wp:attachment":[{"href":"https:\/\/anaisderboismolin.com\/en\/wp-json\/wp\/v2\/media?parent=4434"}],"wp:term":[{"taxonomy":"product_brand","embeddable":true,"href":"https:\/\/anaisderboismolin.com\/en\/wp-json\/wp\/v2\/product_brand?post=4434"},{"taxonomy":"product_cat","embeddable":true,"href":"https:\/\/anaisderboismolin.com\/en\/wp-json\/wp\/v2\/product_cat?post=4434"},{"taxonomy":"product_tag","embeddable":true,"href":"https:\/\/anaisderboismolin.com\/en\/wp-json\/wp\/v2\/product_tag?post=4434"}],"curies":[{"name":"wp","href":"https:\/\/api.w.org\/{rel}","templated":true}]}}