{"id":4438,"date":"2025-07-26T03:29:38","date_gmt":"2025-07-26T03:29:38","guid":{"rendered":"https:\/\/anaisderboismolin.com\/?post_type=product&#038;p=4438"},"modified":"2025-09-21T10:21:24","modified_gmt":"2025-09-21T10:21:24","slug":"new-zealand-wine-worker-starter-kit","status":"publish","type":"product","link":"https:\/\/anaisderboismolin.com\/en\/product\/new-zealand-wine-worker-starter-kit\/","title":{"rendered":"New Zealand Wine Work Starter Kit"},"content":{"rendered":"<h3 data-start=\"306\" data-end=\"434\">Le guide indispensable pour d\u00e9crocher un job dans le vin en Nouvelle-Z\u00e9lande\u2026 <strong data-start=\"388\" data-end=\"434\">avant m\u00eame de poser le pied dans le pays !<\/strong><\/h3>\n<h3 data-start=\"306\" data-end=\"434\"><\/h3>\n<h3 data-start=\"306\" data-end=\"434\"><\/h3>\n<p data-start=\"538\" data-end=\"772\">Tu r\u00eaves de vivre une exp\u00e9rience authentique dans les vignes de Nouvelle-Z\u00e9lande ?<br data-start=\"651\" data-end=\"654\" \/>Tu veux partir <strong data-start=\"669\" data-end=\"682\">pr\u00e9par\u00e9\u00b7e<\/strong>, avec un job en main, sans stresser \u00e0 l\u2019arriv\u00e9e ?<br data-start=\"732\" data-end=\"735\" \/>Mais tu te poses plein de questions :<\/p>\n<ul data-start=\"773\" data-end=\"925\">\n<li data-start=\"773\" data-end=\"797\">\n<p data-start=\"775\" data-end=\"797\">Quand envoyer ton CV ?<\/p>\n<\/li>\n<li data-start=\"798\" data-end=\"813\">\n<p data-start=\"800\" data-end=\"813\">Comment exploiter une liste d&#8217;email\u00a0 ?<\/p>\n<\/li>\n<li data-start=\"814\" data-end=\"867\">\n<p data-start=\"816\" data-end=\"867\">Que mettre dans ta candidature pour sortir du lot ?<\/p>\n<\/li>\n<li data-start=\"868\" data-end=\"925\">\n<p data-start=\"870\" data-end=\"925\">Et surtout\u2026 <strong data-start=\"882\" data-end=\"925\">comment te d\u00e9marquer depuis la France ?<\/strong><\/p>\n<\/li>\n<\/ul>\n<p data-start=\"927\" data-end=\"1004\">\ud83d\udc49 Tu n\u2019es pas seul\u00b7e. Et <strong data-start=\"953\" data-end=\"1004\">le Wine Worker Starter Kit est l\u00e0 pour t\u2019aider.<\/strong><\/p>\n<h2 data-start=\"1011\" data-end=\"1054\"><\/h2>\n<h2 data-start=\"1011\" data-end=\"1054\">Ce que tu vas trouver dans ce guide :<\/h2>\n<p>&nbsp;<\/p>\n<p data-start=\"1056\" data-end=\"1678\">\u2705 <strong data-start=\"1058\" data-end=\"1080\">Une m\u00e9thode claire<\/strong> pour organiser ta prospection \u00e0 distance<br data-start=\"1121\" data-end=\"1124\" \/>\u2705 <strong data-start=\"1126\" data-end=\"1157\">Le bon moment pour postuler<\/strong>, selon les saisons viticoles (green season et vendanges)<br data-start=\"1214\" data-end=\"1217\" \/>\u2705 <strong data-start=\"1219\" data-end=\"1266\">Des conseils pour structurer ta candidature<\/strong> et \u00e9viter les erreurs que tout le monde fait<br data-start=\"1311\" data-end=\"1314\" \/>\u2705 <strong data-start=\"1316\" data-end=\"1368\">Comment utiliser efficacement une liste de mails<\/strong> pour d\u00e9marcher les domaines directement<\/p>\n<p data-start=\"1056\" data-end=\"1678\">\u2705 <strong data-start=\"1591\" data-end=\"1620\">Une liste de Website <\/strong>pour bien commencer ta recherche et r\u00e9pondre aux offres d&#8217;emplois.<\/p>\n<p data-start=\"1056\" data-end=\"1678\">\n<h2 data-start=\"1685\" data-end=\"1722\">Ce guide est fait pour toi si :<\/h2>\n<p>&nbsp;<\/p>\n<ul data-start=\"1724\" data-end=\"2055\">\n<li data-start=\"1724\" data-end=\"1788\">\n<p data-start=\"1726\" data-end=\"1788\">Tu veux partir en Nouvelle-Z\u00e9lande avec un job d\u00e9j\u00e0 s\u00e9curis\u00e9<\/p>\n<\/li>\n<li data-start=\"1789\" data-end=\"1863\">\n<p data-start=\"1791\" data-end=\"1863\">Tu veux <strong data-start=\"1799\" data-end=\"1822\">optimiser ton temps<\/strong> et \u00e9viter les candidatures \u00e0 l\u2019aveugle<\/p>\n<\/li>\n<li data-start=\"1864\" data-end=\"1955\">\n<p data-start=\"1866\" data-end=\"1955\">Tu cherches une m\u00e9thode qui a d\u00e9j\u00e0 aid\u00e9 d\u2019autres travailleurs \u00e0 trouver un job viticole<\/p>\n<\/li>\n<li data-start=\"1956\" data-end=\"2055\">Tu n\u2019as pas d\u2019exp\u00e9rience dans le vin, mais <strong data-start=\"2000\" data-end=\"2053\">tu es motiv\u00e9\u00b7e, curieux\u00b7se, et pr\u00eat\u00b7e \u00e0 apprendre<\/strong><\/li>\n<\/ul>\n<p>&nbsp;<\/p>\n<h2 data-start=\"2483\" data-end=\"2519\">Pr\u00eat\u00b7e \u00e0 passer \u00e0 l\u2019action ?<\/h2>\n<p>&nbsp;<\/p>\n<p data-start=\"2520\" data-end=\"2741\"><strong data-start=\"2520\" data-end=\"2572\">T\u00e9l\u00e9charge le Wine Worker Starter Kit maintenant<\/strong> et commence \u00e0 postuler <strong data-start=\"2596\" data-end=\"2615\">d\u00e8s aujourd\u2019hui<\/strong> depuis la France.<br data-start=\"2633\" data-end=\"2636\" \/><strong data-start=\"2636\" data-end=\"2741\">Ne laisse pas ta chance au hasard. Pr\u00e9pare-toi, d\u00e9marque-toi, et trouve un job avant m\u00eame d\u2019atterrir.<\/strong><\/p>\n<p data-start=\"174\" data-end=\"528\"><strong data-start=\"174\" data-end=\"310\">Tu sais d\u00e9j\u00e0 dans quelle r\u00e9gion viticole tu veux aller, ou tu veux envoyer des candidatures spontan\u00e9es avant m\u00eame d\u2019\u00eatre sur place ?<\/strong><a href=\"https:\/\/anaisderboismolin.com\/en\/product\/new-zealand-wine-worker-starter-kit\/\"> Ma liste de prospection<\/a> est faite pour toi : plus de <strong data-start=\"364\" data-end=\"405\">130 wineries qui recrutent activement<\/strong>, class\u00e9es par r\u00e9gion et type de poste. Un vrai gain de temps pour cibler les bons domaines et maximiser tes chances !<\/p>","protected":false},"excerpt":{"rendered":"<h3 data-start=\"306\" data-end=\"434\">Le guide indispensable pour d\u00e9crocher un job dans le vin en Nouvelle-Z\u00e9lande\u2026 <strong data-start=\"388\" data-end=\"434\">avant m\u00eame de poser le pied dans le pays !<\/strong><\/h3>\n<p>&nbsp;<\/p>\n<p data-start=\"1056\" data-end=\"1678\"><strong data-start=\"156\" data-end=\"255\">Tu veux d\u00e9crocher un job dans le vin en Nouvelle-Z\u00e9lande mais tu ne sais pas par o\u00f9 commencer ?<\/strong> Ce guide est l\u00e0 pour t\u2019aider \u00e0 chaque \u00e9tape. Tu y d\u00e9couvriras le <strong data-start=\"463\" data-end=\"501\" data-is-only-node=\"\">cycle viticole en Nouvelle-Z\u00e9lande<\/strong>, les <strong data-start=\"507\" data-end=\"544\">meilleures p\u00e9riodes pour postuler<\/strong>, o\u00f9 chercher efficacement, comment organiser ta relance, et surtout, comment te pr\u00e9parer m\u00eame <strong data-start=\"639\" data-end=\"658\">sans exp\u00e9rience<\/strong>. Avec ce guide, tu passes \u00e0 l\u2019action en toute confiance, il ne te reste plus qu\u2019\u00e0 planifier ton d\u00e9part !<\/p>","protected":false},"featured_media":4441,"comment_status":"open","ping_status":"closed","template":"","meta":{"_seopress_robots_primary_cat":"none","_seopress_titles_title":"New Zealand Wine Worker Starter Kit","_seopress_titles_desc":"Le guide indispensable pour d\u00e9crocher un job dans le vin en Nouvelle-Z\u00e9lande\u2026 avant m\u00eame de poser le pied dans le pays !","_seopress_robots_index":"","_uag_custom_page_level_css":"","_exactmetrics_skip_tracking":false,"_exactmetrics_sitenote_active":false,"_exactmetrics_sitenote_note":"","_exactmetrics_sitenote_category":0,"_uf_show_specific_survey":0,"_uf_disable_surveys":false,"site-sidebar-layout":"default","site-content-layout":"","ast-site-content-layout":"default","site-content-style":"default","site-sidebar-style":"default","ast-global-header-display":"","ast-banner-title-visibility":"","ast-main-header-display":"","ast-hfb-above-header-display":"","ast-hfb-below-header-display":"","ast-hfb-mobile-header-display":"","site-post-title":"","ast-breadcrumbs-content":"","ast-featured-img":"","footer-sml-layout":"","ast-disable-related-posts":"","theme-transparent-header-meta":"default","adv-header-id-meta":"","stick-header-meta":"","header-above-stick-meta":"","header-main-stick-meta":"","header-below-stick-meta":"","astra-migrate-meta-layouts":"set","ast-page-background-enabled":"default","ast-page-background-meta":{"desktop":{"background-color":"var(--ast-global-color-4)","background-image":"","background-repeat":"repeat","background-position":"center center","background-size":"auto","background-attachment":"scroll","background-type":"","background-media":"","overlay-type":"","overlay-color":"","overlay-opacity":"","overlay-gradient":""},"tablet":{"background-color":"","background-image":"","background-repeat":"repeat","background-position":"center center","background-size":"auto","background-attachment":"scroll","background-type":"","background-media":"","overlay-type":"","overlay-color":"","overlay-opacity":"","overlay-gradient":""},"mobile":{"background-color":"","background-image":"","background-repeat":"repeat","background-position":"center center","background-size":"auto","background-attachment":"scroll","background-type":"","background-media":"","overlay-type":"","overlay-color":"","overlay-opacity":"","overlay-gradient":""}},"ast-content-background-meta":{"desktop":{"background-color":"var(--ast-global-color-5)","background-image":"","background-repeat":"repeat","background-position":"center center","background-size":"auto","background-attachment":"scroll","background-type":"","background-media":"","overlay-type":"","overlay-color":"","overlay-opacity":"","overlay-gradient":""},"tablet":{"background-color":"var(--ast-global-color-5)","background-image":"","background-repeat":"repeat","background-position":"center center","background-size":"auto","background-attachment":"scroll","background-type":"","background-media":"","overlay-type":"","overlay-color":"","overlay-opacity":"","overlay-gradient":""},"mobile":{"background-color":"var(--ast-global-color-5)","background-image":"","background-repeat":"repeat","background-position":"center center","background-size":"auto","background-attachment":"scroll","background-type":"","background-media":"","overlay-type":"","overlay-color":"","overlay-opacity":"","overlay-gradient":""}},"episode_type":"","audio_file":"","podmotor_file_id":"","podmotor_episode_id":"","cover_image":"","cover_image_id":"","duration":"","filesize":"","filesize_raw":"","date_recorded":"","explicit":"","block":"","itunes_episode_number":"","itunes_title":"","itunes_season_number":"","itunes_episode_type":""},"product_brand":[],"product_cat":[94],"product_tag":[],"class_list":{"0":"post-4438","1":"product","2":"type-product","3":"status-publish","4":"has-post-thumbnail","6":"product_cat-improve-with-wine","7":"post","8":"desktop-align-left","9":"tablet-align-left","10":"mobile-align-left","12":"first","13":"instock","14":"sale","15":"downloadable","16":"virtual","17":"purchasable","18":"product-type-simple"},"uagb_featured_image_src":{"full":["https:\/\/anaisderboismolin.com\/wp-content\/uploads\/2025\/07\/Wine-Work-Starter-pack.webp",1080,1080,false],"thumbnail":["https:\/\/anaisderboismolin.com\/wp-content\/uploads\/2025\/07\/Wine-Work-Starter-pack-150x150.webp",150,150,true],"medium":["https:\/\/anaisderboismolin.com\/wp-content\/uploads\/2025\/07\/Wine-Work-Starter-pack-300x300.webp",300,300,true],"medium_large":["https:\/\/anaisderboismolin.com\/wp-content\/uploads\/2025\/07\/Wine-Work-Starter-pack-768x768.webp",768,768,true],"large":["https:\/\/anaisderboismolin.com\/wp-content\/uploads\/2025\/07\/Wine-Work-Starter-pack-1024x1024.webp",1024,1024,true],"1536x1536":["https:\/\/anaisderboismolin.com\/wp-content\/uploads\/2025\/07\/Wine-Work-Starter-pack.webp",1080,1080,false],"2048x2048":["https:\/\/anaisderboismolin.com\/wp-content\/uploads\/2025\/07\/Wine-Work-Starter-pack.webp",1080,1080,false],"trp-custom-language-flag":["https:\/\/anaisderboismolin.com\/wp-content\/uploads\/2025\/07\/Wine-Work-Starter-pack-12x12.webp",12,12,true],"course_archive_thumbnail":["https:\/\/anaisderboismolin.com\/wp-content\/uploads\/2025\/07\/Wine-Work-Starter-pack-100x100.webp",100,100,true],"course_single_thumbnail":["https:\/\/anaisderboismolin.com\/wp-content\/uploads\/2025\/07\/Wine-Work-Starter-pack-100x100.webp",100,100,true],"lesson_archive_thumbnail":["https:\/\/anaisderboismolin.com\/wp-content\/uploads\/2025\/07\/Wine-Work-Starter-pack-100x100.webp",100,100,true],"lesson_single_thumbnail":["https:\/\/anaisderboismolin.com\/wp-content\/uploads\/2025\/07\/Wine-Work-Starter-pack-100x100.webp",100,100,true],"woocommerce_thumbnail":["https:\/\/anaisderboismolin.com\/wp-content\/uploads\/2025\/07\/Wine-Work-Starter-pack-300x300.webp",300,300,true],"woocommerce_single":["https:\/\/anaisderboismolin.com\/wp-content\/uploads\/2025\/07\/Wine-Work-Starter-pack-600x600.webp",600,600,true],"woocommerce_gallery_thumbnail":["https:\/\/anaisderboismolin.com\/wp-content\/uploads\/2025\/07\/Wine-Work-Starter-pack-100x100.webp",100,100,true]},"uagb_author_info":{"display_name":"Licorne","author_link":"https:\/\/anaisderboismolin.com\/en\/author\/"},"uagb_comment_info":0,"uagb_excerpt":"Le guide indispensable pour d\u00e9crocher un job dans le vin en Nouvelle-Z\u00e9lande\u2026 avant m\u00eame de poser le pied dans le pays ! &nbsp; Tu veux d\u00e9crocher un job dans le vin en Nouvelle-Z\u00e9lande mais tu ne sais pas par o\u00f9 commencer ? Ce guide est l\u00e0 pour t\u2019aider \u00e0 chaque \u00e9tape. Tu y d\u00e9couvriras le&hellip;","_links":{"self":[{"href":"https:\/\/anaisderboismolin.com\/en\/wp-json\/wp\/v2\/product\/4438","targetHints":{"allow":["GET"]}}],"collection":[{"href":"https:\/\/anaisderboismolin.com\/en\/wp-json\/wp\/v2\/product"}],"about":[{"href":"https:\/\/anaisderboismolin.com\/en\/wp-json\/wp\/v2\/types\/product"}],"replies":[{"embeddable":true,"href":"https:\/\/anaisderboismolin.com\/en\/wp-json\/wp\/v2\/comments?post=4438"}],"wp:featuredmedia":[{"embeddable":true,"href":"https:\/\/anaisderboismolin.com\/en\/wp-json\/wp\/v2\/media\/4441"}],"wp:attachment":[{"href":"https:\/\/anaisderboismolin.com\/en\/wp-json\/wp\/v2\/media?parent=4438"}],"wp:term":[{"taxonomy":"product_brand","embeddable":true,"href":"https:\/\/anaisderboismolin.com\/en\/wp-json\/wp\/v2\/product_brand?post=4438"},{"taxonomy":"product_cat","embeddable":true,"href":"https:\/\/anaisderboismolin.com\/en\/wp-json\/wp\/v2\/product_cat?post=4438"},{"taxonomy":"product_tag","embeddable":true,"href":"https:\/\/anaisderboismolin.com\/en\/wp-json\/wp\/v2\/product_tag?post=4438"}],"curies":[{"name":"wp","href":"https:\/\/api.w.org\/{rel}","templated":true}]}}